{"id":642,"date":"2021-12-05T16:00:45","date_gmt":"2021-12-05T16:00:45","guid":{"rendered":"https:\/\/nq-health.com\/?page_id=642"},"modified":"2026-04-02T09:31:55","modified_gmt":"2026-04-02T09:31:55","slug":"what-is-cbd","status":"publish","type":"page","link":"https:\/\/nqlab.dev.proudsite.pl\/en\/what-is-cbd\/","title":{"rendered":"What is CBD"},"content":{"rendered":"<p data-start=\"0\" data-end=\"158\">V zadnjih letih je konoplja ponovno pri\u0161la v ospredje zanimanja, predvsem zaradi \u0161tevilnih raziskav o njenih potencialnih koristih in vplivu na dobro po\u010dutje.<\/p>\n<hr data-start=\"160\" data-end=\"163\" \/>\n<h3 data-section-id=\"z38bfy\" data-start=\"165\" data-end=\"188\">Kaj so kanabinoidi?<\/h3>\n<p data-start=\"189\" data-end=\"549\">Kanabinoidi so naravne spojine, prisotne v rastlini konoplje. Najbolj znan med njimi je tetrahidrokanabinol (THC), ki je odgovoren za psihoaktivne u\u010dinke. Poleg njega pa ima pomembno vlogo tudi kanabidiol (CBD), ki ne povzro\u010da omamljenosti. Do danes je bilo v konoplji identificiranih ve\u010d kot 100 razli\u010dnih kanabinoidov, vsak s svojimi specifi\u010dnimi lastnostmi.<\/p>\n<hr data-start=\"551\" data-end=\"554\" \/>\n<h3 data-section-id=\"1v2nq76\" data-start=\"556\" data-end=\"576\">Kanabidiol (CBD)<\/h3>\n<p data-start=\"577\" data-end=\"819\">CBD je ena izmed najbolj raziskanih spojin v konoplji. Za razliko od THC-ja nima psihoaktivnih u\u010dinkov, kar pomeni, da ne povzro\u010da ob\u010dutka zadetosti. Prav zaradi tega je postal zelo priljubljen v izdelkih za podporo splo\u0161nemu dobremu po\u010dutju.<\/p>\n<p data-start=\"821\" data-end=\"965\">Z ve\u010djim razumevanjem delovanja \u010dlove\u0161kega telesa so znanstveniki odkrili tudi sistem, s katerim CBD interagira \u2013 t. i. endokanabinoidni sistem.<\/p>\n<hr data-start=\"967\" data-end=\"970\" \/>\n<h3 data-section-id=\"1i5cp7q\" data-start=\"972\" data-end=\"1007\">Kaj je endokanabinoidni sistem?<\/h3>\n<p data-start=\"1008\" data-end=\"1249\">Endokanabinoidni sistem (ECS) je kompleksen biolo\u0161ki sistem, ki sodeluje pri uravnavanju \u0161tevilnih funkcij v telesu. Sestavljajo ga endokanabinoidi (snovi, ki jih telo proizvaja samo) ter receptorji, razporejeni po razli\u010dnih delih organizma.<\/p>\n<p data-start=\"1251\" data-end=\"1301\">Ta sistem ima pomembno vlogo pri procesih, kot so:<\/p>\n<ul data-start=\"1302\" data-end=\"1424\">\n<li data-section-id=\"w69cn7\" data-start=\"1302\" data-end=\"1328\">razmi\u0161ljanje in spomin<\/li>\n<li data-section-id=\"107qjmi\" data-start=\"1329\" data-end=\"1353\">koordinacija gibanja<\/li>\n<li data-section-id=\"1qozgps\" data-start=\"1354\" data-end=\"1387\">zaznavanje bole\u010dine in u\u017eitka<\/li>\n<li data-section-id=\"18vuzir\" data-start=\"1388\" data-end=\"1424\">uravnavanje \u010dasa in razpolo\u017eenja<\/li>\n<\/ul>\n<p data-start=\"1426\" data-end=\"1638\">ECS pomaga telesu ohranjati ravnovesje (homeostazo), \u0161e posebej v primerih stresa, po\u0161kodb ali bolezni. Vpliva na delovanje ve\u010d telesnih sistemov, med drugim \u017eiv\u010dnega, imunskega, prebavnega in kardiovaskularnega.<\/p>\n<p data-start=\"1640\" data-end=\"1722\">CBD lahko podpira delovanje tega sistema in s tem prispeva k njegovemu ravnovesju.<\/p>\n<hr data-start=\"1724\" data-end=\"1727\" \/>\n<h3 data-section-id=\"c4lull\" data-start=\"1729\" data-end=\"1772\">Kako prepoznati kakovosten CBD izdelek?<\/h3>\n<p data-start=\"1773\" data-end=\"1875\">Pri izbiri CBD izdelkov je klju\u010dnega pomena kakovost. Pri tem je dobro upo\u0161tevati naslednje dejavnike:<\/p>\n<ul data-start=\"1877\" data-end=\"2179\">\n<li data-section-id=\"1000etb\" data-start=\"1877\" data-end=\"1989\"><strong data-start=\"1879\" data-end=\"1916\">Natan\u010dno dolo\u010dena vsebnost CBD-ja<\/strong> \u2013 preverljiva z analiznim certifikatom (COA \u2013 Certificate of Analysis)<\/li>\n<li data-section-id=\"2929pn\" data-start=\"1990\" data-end=\"2088\"><strong data-start=\"1992\" data-end=\"2031\">Neodvisno laboratorijsko testiranje<\/strong> \u2013 idealno v laboratorijih z akreditacijo ISO\/IEC 17025<\/li>\n<li data-section-id=\"rmum0x\" data-start=\"2089\" data-end=\"2179\"><strong data-start=\"2091\" data-end=\"2122\">Standardi proizvodnje (GMP)<\/strong> \u2013 zagotavljajo nadzorovane in varne proizvodne procese<\/li>\n<\/ul>\n<p data-start=\"2181\" data-end=\"2360\">GMP (Good Manufacturing Practice) pomeni, da proizvajalec deluje v skladu z uveljavljenimi smernicami dobre proizvodne prakse ter zagotavlja dosledno kakovost in varnost izdelkov.<\/p>\n","protected":false},"excerpt":{"rendered":"<p>And why you should be taking it<\/p>\n","protected":false},"author":1,"featured_media":133,"parent":0,"menu_order":0,"comment_status":"closed","ping_status":"closed","template":"","meta":{"_acf_changed":false,"inline_featured_image":false,"footnotes":""},"class_list":["post-642","page","type-page","status-publish","has-post-thumbnail","hentry"],"acf":[],"yoast_head":"<!-- This site is optimized with the Yoast SEO plugin v27.4 - https:\/\/yoast.com\/product\/yoast-seo-wordpress\/ -->\n<title>What is CBD - NQ Health<\/title>\n<meta name=\"robots\" content=\"noindex, follow, max-snippet:-1, max-image-preview:large, max-video-preview:-1\" \/>\n<meta property=\"og:locale\" content=\"en_US\" \/>\n<meta property=\"og:type\" content=\"article\" \/>\n<meta property=\"og:title\" content=\"What is CBD - NQ Health\" \/>\n<meta property=\"og:description\" content=\"And why you should be taking it\" \/>\n<meta property=\"og:url\" content=\"https:\/\/nqlab.dev.proudsite.pl\/en\/what-is-cbd\/\" \/>\n<meta property=\"og:site_name\" content=\"NQ Health\" \/>\n<meta property=\"article:modified_time\" content=\"2026-04-02T09:31:55+00:00\" \/>\n<meta property=\"og:image\" content=\"https:\/\/nqlab.dev.proudsite.pl\/wp-content\/uploads\/2021\/05\/nq-energy.jpg\" \/>\n\t<meta property=\"og:image:width\" content=\"2000\" \/>\n\t<meta property=\"og:image:height\" content=\"1500\" \/>\n\t<meta property=\"og:image:type\" content=\"image\/jpeg\" \/>\n<meta name=\"twitter:card\" content=\"summary_large_image\" \/>\n<meta name=\"twitter:label1\" content=\"Est. reading time\" \/>\n\t<meta name=\"twitter:data1\" content=\"2 minutes\" \/>\n<script type=\"application\/ld+json\" class=\"yoast-schema-graph\">{\"@context\":\"https:\\\/\\\/schema.org\",\"@graph\":[{\"@type\":\"WebPage\",\"@id\":\"https:\\\/\\\/nqlab.dev.proudsite.pl\\\/en\\\/what-is-cbd\\\/\",\"url\":\"https:\\\/\\\/nqlab.dev.proudsite.pl\\\/en\\\/what-is-cbd\\\/\",\"name\":\"What is CBD - NQ Health\",\"isPartOf\":{\"@id\":\"https:\\\/\\\/nqlab.dev.proudsite.pl\\\/en\\\/#website\"},\"primaryImageOfPage\":{\"@id\":\"https:\\\/\\\/nqlab.dev.proudsite.pl\\\/en\\\/what-is-cbd\\\/#primaryimage\"},\"image\":{\"@id\":\"https:\\\/\\\/nqlab.dev.proudsite.pl\\\/en\\\/what-is-cbd\\\/#primaryimage\"},\"thumbnailUrl\":\"https:\\\/\\\/nqlab.dev.proudsite.pl\\\/wp-content\\\/uploads\\\/2021\\\/05\\\/nq-energy.jpg\",\"datePublished\":\"2021-12-05T16:00:45+00:00\",\"dateModified\":\"2026-04-02T09:31:55+00:00\",\"breadcrumb\":{\"@id\":\"https:\\\/\\\/nqlab.dev.proudsite.pl\\\/en\\\/what-is-cbd\\\/#breadcrumb\"},\"inLanguage\":\"en-US\",\"potentialAction\":[{\"@type\":\"ReadAction\",\"target\":[\"https:\\\/\\\/nqlab.dev.proudsite.pl\\\/en\\\/what-is-cbd\\\/\"]}]},{\"@type\":\"ImageObject\",\"inLanguage\":\"en-US\",\"@id\":\"https:\\\/\\\/nqlab.dev.proudsite.pl\\\/en\\\/what-is-cbd\\\/#primaryimage\",\"url\":\"https:\\\/\\\/nqlab.dev.proudsite.pl\\\/wp-content\\\/uploads\\\/2021\\\/05\\\/nq-energy.jpg\",\"contentUrl\":\"https:\\\/\\\/nqlab.dev.proudsite.pl\\\/wp-content\\\/uploads\\\/2021\\\/05\\\/nq-energy.jpg\",\"width\":2000,\"height\":1500},{\"@type\":\"BreadcrumbList\",\"@id\":\"https:\\\/\\\/nqlab.dev.proudsite.pl\\\/en\\\/what-is-cbd\\\/#breadcrumb\",\"itemListElement\":[{\"@type\":\"ListItem\",\"position\":1,\"name\":\"Home\",\"item\":\"https:\\\/\\\/nqlab.dev.proudsite.pl\\\/en\\\/\"},{\"@type\":\"ListItem\",\"position\":2,\"name\":\"What is CBD\"}]},{\"@type\":\"WebSite\",\"@id\":\"https:\\\/\\\/nqlab.dev.proudsite.pl\\\/en\\\/#website\",\"url\":\"https:\\\/\\\/nqlab.dev.proudsite.pl\\\/en\\\/\",\"name\":\"NQ Health\",\"description\":\"High quality CBD products\",\"publisher\":{\"@id\":\"https:\\\/\\\/nqlab.dev.proudsite.pl\\\/en\\\/#organization\"},\"potentialAction\":[{\"@type\":\"SearchAction\",\"target\":{\"@type\":\"EntryPoint\",\"urlTemplate\":\"https:\\\/\\\/nqlab.dev.proudsite.pl\\\/en\\\/?s={search_term_string}\"},\"query-input\":{\"@type\":\"PropertyValueSpecification\",\"valueRequired\":true,\"valueName\":\"search_term_string\"}}],\"inLanguage\":\"en-US\"},{\"@type\":\"Organization\",\"@id\":\"https:\\\/\\\/nqlab.dev.proudsite.pl\\\/en\\\/#organization\",\"name\":\"NQ Health\",\"url\":\"https:\\\/\\\/nqlab.dev.proudsite.pl\\\/en\\\/\",\"logo\":{\"@type\":\"ImageObject\",\"inLanguage\":\"en-US\",\"@id\":\"https:\\\/\\\/nqlab.dev.proudsite.pl\\\/en\\\/#\\\/schema\\\/logo\\\/image\\\/\",\"url\":\"https:\\\/\\\/nqlab.dev.proudsite.pl\\\/wp-content\\\/uploads\\\/2021\\\/05\\\/NQ-logo-square.png\",\"contentUrl\":\"https:\\\/\\\/nqlab.dev.proudsite.pl\\\/wp-content\\\/uploads\\\/2021\\\/05\\\/NQ-logo-square.png\",\"width\":400,\"height\":400,\"caption\":\"NQ Health\"},\"image\":{\"@id\":\"https:\\\/\\\/nqlab.dev.proudsite.pl\\\/en\\\/#\\\/schema\\\/logo\\\/image\\\/\"}}]}<\/script>\n<!-- \/ Yoast SEO plugin. -->","yoast_head_json":{"title":"What is CBD - NQ Health","robots":{"index":"noindex","follow":"follow","max-snippet":"max-snippet:-1","max-image-preview":"max-image-preview:large","max-video-preview":"max-video-preview:-1"},"og_locale":"en_US","og_type":"article","og_title":"What is CBD - NQ Health","og_description":"And why you should be taking it","og_url":"https:\/\/nqlab.dev.proudsite.pl\/en\/what-is-cbd\/","og_site_name":"NQ Health","article_modified_time":"2026-04-02T09:31:55+00:00","og_image":[{"width":2000,"height":1500,"url":"https:\/\/nqlab.dev.proudsite.pl\/wp-content\/uploads\/2021\/05\/nq-energy.jpg","type":"image\/jpeg"}],"twitter_card":"summary_large_image","twitter_misc":{"Est. reading time":"2 minutes"},"schema":{"@context":"https:\/\/schema.org","@graph":[{"@type":"WebPage","@id":"https:\/\/nqlab.dev.proudsite.pl\/en\/what-is-cbd\/","url":"https:\/\/nqlab.dev.proudsite.pl\/en\/what-is-cbd\/","name":"What is CBD - NQ Health","isPartOf":{"@id":"https:\/\/nqlab.dev.proudsite.pl\/en\/#website"},"primaryImageOfPage":{"@id":"https:\/\/nqlab.dev.proudsite.pl\/en\/what-is-cbd\/#primaryimage"},"image":{"@id":"https:\/\/nqlab.dev.proudsite.pl\/en\/what-is-cbd\/#primaryimage"},"thumbnailUrl":"https:\/\/nqlab.dev.proudsite.pl\/wp-content\/uploads\/2021\/05\/nq-energy.jpg","datePublished":"2021-12-05T16:00:45+00:00","dateModified":"2026-04-02T09:31:55+00:00","breadcrumb":{"@id":"https:\/\/nqlab.dev.proudsite.pl\/en\/what-is-cbd\/#breadcrumb"},"inLanguage":"en-US","potentialAction":[{"@type":"ReadAction","target":["https:\/\/nqlab.dev.proudsite.pl\/en\/what-is-cbd\/"]}]},{"@type":"ImageObject","inLanguage":"en-US","@id":"https:\/\/nqlab.dev.proudsite.pl\/en\/what-is-cbd\/#primaryimage","url":"https:\/\/nqlab.dev.proudsite.pl\/wp-content\/uploads\/2021\/05\/nq-energy.jpg","contentUrl":"https:\/\/nqlab.dev.proudsite.pl\/wp-content\/uploads\/2021\/05\/nq-energy.jpg","width":2000,"height":1500},{"@type":"BreadcrumbList","@id":"https:\/\/nqlab.dev.proudsite.pl\/en\/what-is-cbd\/#breadcrumb","itemListElement":[{"@type":"ListItem","position":1,"name":"Home","item":"https:\/\/nqlab.dev.proudsite.pl\/en\/"},{"@type":"ListItem","position":2,"name":"What is CBD"}]},{"@type":"WebSite","@id":"https:\/\/nqlab.dev.proudsite.pl\/en\/#website","url":"https:\/\/nqlab.dev.proudsite.pl\/en\/","name":"NQ Health","description":"High quality CBD products","publisher":{"@id":"https:\/\/nqlab.dev.proudsite.pl\/en\/#organization"},"potentialAction":[{"@type":"SearchAction","target":{"@type":"EntryPoint","urlTemplate":"https:\/\/nqlab.dev.proudsite.pl\/en\/?s={search_term_string}"},"query-input":{"@type":"PropertyValueSpecification","valueRequired":true,"valueName":"search_term_string"}}],"inLanguage":"en-US"},{"@type":"Organization","@id":"https:\/\/nqlab.dev.proudsite.pl\/en\/#organization","name":"NQ Health","url":"https:\/\/nqlab.dev.proudsite.pl\/en\/","logo":{"@type":"ImageObject","inLanguage":"en-US","@id":"https:\/\/nqlab.dev.proudsite.pl\/en\/#\/schema\/logo\/image\/","url":"https:\/\/nqlab.dev.proudsite.pl\/wp-content\/uploads\/2021\/05\/NQ-logo-square.png","contentUrl":"https:\/\/nqlab.dev.proudsite.pl\/wp-content\/uploads\/2021\/05\/NQ-logo-square.png","width":400,"height":400,"caption":"NQ Health"},"image":{"@id":"https:\/\/nqlab.dev.proudsite.pl\/en\/#\/schema\/logo\/image\/"}}]}},"_links":{"self":[{"href":"https:\/\/nqlab.dev.proudsite.pl\/en\/wp-json\/wp\/v2\/pages\/642","targetHints":{"allow":["GET"]}}],"collection":[{"href":"https:\/\/nqlab.dev.proudsite.pl\/en\/wp-json\/wp\/v2\/pages"}],"about":[{"href":"https:\/\/nqlab.dev.proudsite.pl\/en\/wp-json\/wp\/v2\/types\/page"}],"author":[{"embeddable":true,"href":"https:\/\/nqlab.dev.proudsite.pl\/en\/wp-json\/wp\/v2\/users\/1"}],"replies":[{"embeddable":true,"href":"https:\/\/nqlab.dev.proudsite.pl\/en\/wp-json\/wp\/v2\/comments?post=642"}],"version-history":[{"count":7,"href":"https:\/\/nqlab.dev.proudsite.pl\/en\/wp-json\/wp\/v2\/pages\/642\/revisions"}],"predecessor-version":[{"id":1770,"href":"https:\/\/nqlab.dev.proudsite.pl\/en\/wp-json\/wp\/v2\/pages\/642\/revisions\/1770"}],"wp:featuredmedia":[{"embeddable":true,"href":"https:\/\/nqlab.dev.proudsite.pl\/en\/wp-json\/wp\/v2\/media\/133"}],"wp:attachment":[{"href":"https:\/\/nqlab.dev.proudsite.pl\/en\/wp-json\/wp\/v2\/media?parent=642"}],"curies":[{"name":"wp","href":"https:\/\/api.w.org\/{rel}","templated":true}]}}